{"id":1351,"date":"2025-08-22T19:11:27","date_gmt":"2025-08-22T19:11:27","guid":{"rendered":"https:\/\/vanessadiasoficial.com.br\/diasbelezaecosmeticos\/?post_type=product&#038;p=1351"},"modified":"2025-08-22T19:11:27","modified_gmt":"2025-08-22T19:11:27","slug":"rolo-tnt-dias-beleza-e-cosmetidos-50-metros-x-10cm-mais-largo-gramatura-80","status":"publish","type":"product","link":"https:\/\/vanessadiasoficial.com.br\/diasbelezaecosmeticos\/produto\/rolo-tnt-dias-beleza-e-cosmetidos-50-metros-x-10cm-mais-largo-gramatura-80\/","title":{"rendered":"Rolo TNT &#8211; Dias Beleza e Cosm\u00e9tidos 50 metros x 10cm (mais largo) gramatura 80"},"content":{"rendered":"<p data-start=\"597\" data-end=\"743\">\u2728 Rolo de TNT para depila\u00e7\u00e3o \u2013 50 metros x 10cm (mais largo), gramatura 80. <strong data-start=\"673\" data-end=\"695\">Fabrica\u00e7\u00e3o pr\u00f3pria<\/strong>, mais resist\u00eancia, qualidade e rendimento. \ud83d\udc95<\/p>\n<p data-start=\"806\" data-end=\"1032\">O <strong data-start=\"808\" data-end=\"886\">Rolo de TNT para Depila\u00e7\u00e3o (50m x 10cm \u2013 gramatura 80, fabrica\u00e7\u00e3o pr\u00f3pria)<\/strong> foi desenvolvido especialmente para atender \u00e0s necessidades de depiladoras profissionais que buscam qualidade superior e economia no dia a dia.<\/p>\n<p data-start=\"1034\" data-end=\"1511\">\ud83c\udf38 <strong data-start=\"1037\" data-end=\"1059\">Fabrica\u00e7\u00e3o pr\u00f3pria<\/strong> \u2192 controle total de qualidade, garantindo resist\u00eancia e confiabilidade.<br data-start=\"1131\" data-end=\"1134\" \/>\ud83d\udc97 <strong data-start=\"1137\" data-end=\"1153\">Gramatura 80<\/strong> \u2192 tecido refor\u00e7ado, que n\u00e3o rasga durante a retirada da cera.<br data-start=\"1215\" data-end=\"1218\" \/>\ud83d\udc95 <strong data-start=\"1221\" data-end=\"1242\">Mais largo (10cm)<\/strong> \u2192 perfeito para \u00e1reas maiores, proporcionando aplica\u00e7\u00e3o uniforme.<br data-start=\"1308\" data-end=\"1311\" \/>\u2728 <strong data-start=\"1313\" data-end=\"1341\">50 metros de comprimento<\/strong> \u2192 alto rendimento, ideal para uso constante em sal\u00f5es e cl\u00ednicas.<br data-start=\"1407\" data-end=\"1410\" \/>\ud83c\udf3f <strong data-start=\"1413\" data-end=\"1440\">Descart\u00e1vel e higi\u00eanico<\/strong> \u2192 seguran\u00e7a em cada procedimento, mantendo os padr\u00f5es profissionais.<\/p>\n<p data-start=\"1513\" data-end=\"1657\">\u2705 Resultado: depila\u00e7\u00e3o pr\u00e1tica, r\u00e1pida e segura, com um produto exclusivo, fabricado com qualidade pr\u00f3pria para garantir a melhor performance.<\/p>\n","protected":false},"excerpt":{"rendered":"<p>\u2728 Rolo de TNT para depila\u00e7\u00e3o \u2013 50 metros x 10cm (mais largo), gramatura 80. Fabrica\u00e7\u00e3o pr\u00f3pria, mais resist\u00eancia, qualidade e rendimento. \ud83d\udc95 O Rolo de TNT para Depila\u00e7\u00e3o (50m x 10cm \u2013 gramatura 80, fabrica\u00e7\u00e3o pr\u00f3pria) foi desenvolvido especialmente para atender \u00e0s necessidades de depiladoras profissionais que buscam qualidade superior e economia no dia [&hellip;]<\/p>\n","protected":false},"featured_media":1352,"comment_status":"open","ping_status":"closed","template":"","meta":[],"product_brand":[],"product_cat":[15],"product_tag":[],"class_list":{"0":"post-1351","1":"product","2":"type-product","3":"status-publish","4":"has-post-thumbnail","6":"product_cat-a-loja-da-epiladora","8":"first","9":"instock","10":"sale","11":"shipping-taxable","12":"purchasable","13":"product-type-simple"},"_links":{"self":[{"href":"https:\/\/vanessadiasoficial.com.br\/diasbelezaecosmeticos\/wp-json\/wp\/v2\/product\/1351","targetHints":{"allow":["GET"]}}],"collection":[{"href":"https:\/\/vanessadiasoficial.com.br\/diasbelezaecosmeticos\/wp-json\/wp\/v2\/product"}],"about":[{"href":"https:\/\/vanessadiasoficial.com.br\/diasbelezaecosmeticos\/wp-json\/wp\/v2\/types\/product"}],"replies":[{"embeddable":true,"href":"https:\/\/vanessadiasoficial.com.br\/diasbelezaecosmeticos\/wp-json\/wp\/v2\/comments?post=1351"}],"wp:featuredmedia":[{"embeddable":true,"href":"https:\/\/vanessadiasoficial.com.br\/diasbelezaecosmeticos\/wp-json\/wp\/v2\/media\/1352"}],"wp:attachment":[{"href":"https:\/\/vanessadiasoficial.com.br\/diasbelezaecosmeticos\/wp-json\/wp\/v2\/media?parent=1351"}],"wp:term":[{"taxonomy":"product_brand","embeddable":true,"href":"https:\/\/vanessadiasoficial.com.br\/diasbelezaecosmeticos\/wp-json\/wp\/v2\/product_brand?post=1351"},{"taxonomy":"product_cat","embeddable":true,"href":"https:\/\/vanessadiasoficial.com.br\/diasbelezaecosmeticos\/wp-json\/wp\/v2\/product_cat?post=1351"},{"taxonomy":"product_tag","embeddable":true,"href":"https:\/\/vanessadiasoficial.com.br\/diasbelezaecosmeticos\/wp-json\/wp\/v2\/product_tag?post=1351"}],"curies":[{"name":"wp","href":"https:\/\/api.w.org\/{rel}","templated":true}]}}