{"id":1348,"date":"2025-08-22T19:07:46","date_gmt":"2025-08-22T19:07:46","guid":{"rendered":"https:\/\/vanessadiasoficial.com.br\/diasbelezaecosmeticos\/?post_type=product&#038;p=1348"},"modified":"2025-08-22T19:07:46","modified_gmt":"2025-08-22T19:07:46","slug":"flor-de-ana-metodo-espanhol-verbena-baixa-fusao-1kg","status":"publish","type":"product","link":"https:\/\/vanessadiasoficial.com.br\/diasbelezaecosmeticos\/produto\/flor-de-ana-metodo-espanhol-verbena-baixa-fusao-1kg\/","title":{"rendered":"Flor de Ana &#8211; M\u00e9todo Espanhol Verbena baixa fus\u00e3o 1KG."},"content":{"rendered":"<p data-start=\"503\" data-end=\"653\">\u2728 Cera M\u00e9todo Espanhol Flor de Ana Verbena \ud83c\udf3f (1kg). Baixa fus\u00e3o, superel\u00e1stica e delicada com a pele. Ideal para depila\u00e7\u00e3o confort\u00e1vel e eficaz. \ud83d\udc95<\/p>\n<p data-start=\"716\" data-end=\"992\">A <strong data-start=\"718\" data-end=\"768\">Cera M\u00e9todo Espanhol Flor de Ana Verbena (1kg)<\/strong> combina efici\u00eancia profissional e frescor herbal para uma depila\u00e7\u00e3o mais suave e agrad\u00e1vel. Sua f\u00f3rmula de baixa fus\u00e3o garante conforto t\u00e9rmico, enquanto a verbena traz propriedades calmantes e revitalizantes para a pele.<\/p>\n<p data-start=\"994\" data-end=\"1431\">\ud83c\udf38 <strong data-start=\"997\" data-end=\"1012\">Baixa fus\u00e3o<\/strong> \u2192 derrete em temperaturas menores, proporcionando maior conforto.<br data-start=\"1078\" data-end=\"1081\" \/>\ud83c\udf3f <strong data-start=\"1084\" data-end=\"1099\">Com verbena<\/strong> \u2192 frescor herbal, efeito calmante e sensa\u00e7\u00e3o de pele revitalizada.<br data-start=\"1166\" data-end=\"1169\" \/>\ud83d\udc95 <strong data-start=\"1172\" data-end=\"1189\">Superel\u00e1stica<\/strong> \u2192 n\u00e3o quebra e remove at\u00e9 os fios mais curtos sem agredir a pele.<br data-start=\"1255\" data-end=\"1258\" \/>\ud83d\udc97 <strong data-start=\"1261\" data-end=\"1286\">Depila\u00e7\u00e3o confort\u00e1vel<\/strong> \u2192 menos dor, mais efici\u00eancia e resultado duradouro.<br data-start=\"1338\" data-end=\"1341\" \/>\u2728 <strong data-start=\"1343\" data-end=\"1363\">Uso profissional<\/strong> \u2192 rendimento excelente, ideal para cl\u00ednicas e sal\u00f5es de est\u00e9tica.<\/p>\n<p data-start=\"1433\" data-end=\"1538\">\u2705 Resultado: pele lisinha, macia e com sensa\u00e7\u00e3o de frescor, com a confian\u00e7a e qualidade da Flor de Ana.<\/p>\n","protected":false},"excerpt":{"rendered":"<p>\u2728 Cera M\u00e9todo Espanhol Flor de Ana Verbena \ud83c\udf3f (1kg). Baixa fus\u00e3o, superel\u00e1stica e delicada com a pele. Ideal para depila\u00e7\u00e3o confort\u00e1vel e eficaz. \ud83d\udc95 A Cera M\u00e9todo Espanhol Flor de Ana Verbena (1kg) combina efici\u00eancia profissional e frescor herbal para uma depila\u00e7\u00e3o mais suave e agrad\u00e1vel. Sua f\u00f3rmula de baixa fus\u00e3o garante conforto t\u00e9rmico, [&hellip;]<\/p>\n","protected":false},"featured_media":1349,"comment_status":"open","ping_status":"closed","template":"","meta":[],"product_brand":[],"product_cat":[15,71],"product_tag":[],"class_list":{"0":"post-1348","1":"product","2":"type-product","3":"status-publish","4":"has-post-thumbnail","6":"product_cat-a-loja-da-epiladora","7":"product_cat-ceras-metodo-espanhol","9":"first","10":"instock","11":"sale","12":"shipping-taxable","13":"purchasable","14":"product-type-simple"},"_links":{"self":[{"href":"https:\/\/vanessadiasoficial.com.br\/diasbelezaecosmeticos\/wp-json\/wp\/v2\/product\/1348","targetHints":{"allow":["GET"]}}],"collection":[{"href":"https:\/\/vanessadiasoficial.com.br\/diasbelezaecosmeticos\/wp-json\/wp\/v2\/product"}],"about":[{"href":"https:\/\/vanessadiasoficial.com.br\/diasbelezaecosmeticos\/wp-json\/wp\/v2\/types\/product"}],"replies":[{"embeddable":true,"href":"https:\/\/vanessadiasoficial.com.br\/diasbelezaecosmeticos\/wp-json\/wp\/v2\/comments?post=1348"}],"wp:featuredmedia":[{"embeddable":true,"href":"https:\/\/vanessadiasoficial.com.br\/diasbelezaecosmeticos\/wp-json\/wp\/v2\/media\/1349"}],"wp:attachment":[{"href":"https:\/\/vanessadiasoficial.com.br\/diasbelezaecosmeticos\/wp-json\/wp\/v2\/media?parent=1348"}],"wp:term":[{"taxonomy":"product_brand","embeddable":true,"href":"https:\/\/vanessadiasoficial.com.br\/diasbelezaecosmeticos\/wp-json\/wp\/v2\/product_brand?post=1348"},{"taxonomy":"product_cat","embeddable":true,"href":"https:\/\/vanessadiasoficial.com.br\/diasbelezaecosmeticos\/wp-json\/wp\/v2\/product_cat?post=1348"},{"taxonomy":"product_tag","embeddable":true,"href":"https:\/\/vanessadiasoficial.com.br\/diasbelezaecosmeticos\/wp-json\/wp\/v2\/product_tag?post=1348"}],"curies":[{"name":"wp","href":"https:\/\/api.w.org\/{rel}","templated":true}]}}