{"id":1345,"date":"2025-08-22T19:05:27","date_gmt":"2025-08-22T19:05:27","guid":{"rendered":"https:\/\/vanessadiasoficial.com.br\/diasbelezaecosmeticos\/?post_type=product&#038;p=1345"},"modified":"2025-08-22T19:05:27","modified_gmt":"2025-08-22T19:05:27","slug":"flor-de-ana-metodo-espanhol-roma-baixa-fusao-1kg","status":"publish","type":"product","link":"https:\/\/vanessadiasoficial.com.br\/diasbelezaecosmeticos\/produto\/flor-de-ana-metodo-espanhol-roma-baixa-fusao-1kg\/","title":{"rendered":"Flor de Ana &#8211; M\u00e9todo Espanhol Rom\u00e3 baixa fus\u00e3o 1KG."},"content":{"rendered":"<p data-start=\"508\" data-end=\"648\">\u2728 Cera M\u00e9todo Espanhol Flor de Ana Rom\u00e3 \ud83c\udf4e (1kg). Baixa fus\u00e3o, f\u00f3rmula el\u00e1stica e nutritiva. Ideal para depila\u00e7\u00e3o confort\u00e1vel e eficaz. \ud83d\udc95<\/p>\n<p data-start=\"737\" data-end=\"983\">A <strong data-start=\"739\" data-end=\"786\">Cera M\u00e9todo Espanhol Flor de Ana Rom\u00e3 (1kg)<\/strong> foi criada para proporcionar depila\u00e7\u00e3o profissional com mais conforto e cuidado com a pele. Sua f\u00f3rmula el\u00e1stica garante ader\u00eancia perfeita aos pelos, enquanto o extrato de rom\u00e3 nutre e protege.<\/p>\n<p data-start=\"985\" data-end=\"1422\">\ud83c\udf38 <strong data-start=\"988\" data-end=\"1003\">Baixa fus\u00e3o<\/strong> \u2192 derrete em temperaturas menores, evitando desconforto e irrita\u00e7\u00e3o.<br data-start=\"1072\" data-end=\"1075\" \/>\ud83c\udf4e <strong data-start=\"1078\" data-end=\"1090\">Com rom\u00e3<\/strong> \u2192 rico em antioxidantes, ajuda a revitalizar e hidratar a pele.<br data-start=\"1154\" data-end=\"1157\" \/>\ud83d\udc95 <strong data-start=\"1160\" data-end=\"1181\">Alta elasticidade<\/strong> \u2192 n\u00e3o quebra, garantindo remo\u00e7\u00e3o completa at\u00e9 dos fios mais curtos.<br data-start=\"1249\" data-end=\"1252\" \/>\ud83d\udc97 <strong data-start=\"1255\" data-end=\"1272\">Mais conforto<\/strong> \u2192 depila\u00e7\u00e3o suave, menos dor e excelente rendimento.<br data-start=\"1325\" data-end=\"1328\" \/>\u2728 <strong data-start=\"1330\" data-end=\"1350\">Uso profissional<\/strong> \u2192 ideal para cl\u00ednicas, sal\u00f5es e depiladoras que prezam por qualidade.<\/p>\n<p data-start=\"1424\" data-end=\"1530\">\u2705 Resultado: pele lisinha, macia e nutrida, com a confian\u00e7a da marca Flor de Ana e a delicadeza da rom\u00e3.<\/p>\n","protected":false},"excerpt":{"rendered":"<p>\u2728 Cera M\u00e9todo Espanhol Flor de Ana Rom\u00e3 \ud83c\udf4e (1kg). Baixa fus\u00e3o, f\u00f3rmula el\u00e1stica e nutritiva. Ideal para depila\u00e7\u00e3o confort\u00e1vel e eficaz. \ud83d\udc95 A Cera M\u00e9todo Espanhol Flor de Ana Rom\u00e3 (1kg) foi criada para proporcionar depila\u00e7\u00e3o profissional com mais conforto e cuidado com a pele. Sua f\u00f3rmula el\u00e1stica garante ader\u00eancia perfeita aos pelos, enquanto [&hellip;]<\/p>\n","protected":false},"featured_media":1346,"comment_status":"open","ping_status":"closed","template":"","meta":[],"product_brand":[],"product_cat":[15,71],"product_tag":[],"class_list":{"0":"post-1345","1":"product","2":"type-product","3":"status-publish","4":"has-post-thumbnail","6":"product_cat-a-loja-da-epiladora","7":"product_cat-ceras-metodo-espanhol","9":"first","10":"instock","11":"sale","12":"shipping-taxable","13":"purchasable","14":"product-type-simple"},"_links":{"self":[{"href":"https:\/\/vanessadiasoficial.com.br\/diasbelezaecosmeticos\/wp-json\/wp\/v2\/product\/1345","targetHints":{"allow":["GET"]}}],"collection":[{"href":"https:\/\/vanessadiasoficial.com.br\/diasbelezaecosmeticos\/wp-json\/wp\/v2\/product"}],"about":[{"href":"https:\/\/vanessadiasoficial.com.br\/diasbelezaecosmeticos\/wp-json\/wp\/v2\/types\/product"}],"replies":[{"embeddable":true,"href":"https:\/\/vanessadiasoficial.com.br\/diasbelezaecosmeticos\/wp-json\/wp\/v2\/comments?post=1345"}],"wp:featuredmedia":[{"embeddable":true,"href":"https:\/\/vanessadiasoficial.com.br\/diasbelezaecosmeticos\/wp-json\/wp\/v2\/media\/1346"}],"wp:attachment":[{"href":"https:\/\/vanessadiasoficial.com.br\/diasbelezaecosmeticos\/wp-json\/wp\/v2\/media?parent=1345"}],"wp:term":[{"taxonomy":"product_brand","embeddable":true,"href":"https:\/\/vanessadiasoficial.com.br\/diasbelezaecosmeticos\/wp-json\/wp\/v2\/product_brand?post=1345"},{"taxonomy":"product_cat","embeddable":true,"href":"https:\/\/vanessadiasoficial.com.br\/diasbelezaecosmeticos\/wp-json\/wp\/v2\/product_cat?post=1345"},{"taxonomy":"product_tag","embeddable":true,"href":"https:\/\/vanessadiasoficial.com.br\/diasbelezaecosmeticos\/wp-json\/wp\/v2\/product_tag?post=1345"}],"curies":[{"name":"wp","href":"https:\/\/api.w.org\/{rel}","templated":true}]}}