{"id":1334,"date":"2025-08-22T18:49:54","date_gmt":"2025-08-22T18:49:54","guid":{"rendered":"https:\/\/vanessadiasoficial.com.br\/diasbelezaecosmeticos\/?post_type=product&#038;p=1334"},"modified":"2025-08-22T18:52:39","modified_gmt":"2025-08-22T18:52:39","slug":"depile-plus-metodo-hidrossoluvel-camomila-290-gramas","status":"publish","type":"product","link":"https:\/\/vanessadiasoficial.com.br\/diasbelezaecosmeticos\/produto\/depile-plus-metodo-hidrossoluvel-camomila-290-gramas\/","title":{"rendered":"Depile Plus &#8211; M\u00e9todo Hidrossol\u00favel Camomila 290 gramas."},"content":{"rendered":"<p data-start=\"465\" data-end=\"604\">\u2728 Cera Hidrossol\u00favel Depile Plus Camomila \ud83c\udf3c (290g). F\u00f3rmula vegana, calmante e de f\u00e1cil remo\u00e7\u00e3o com \u00e1gua. Ideal para peles sens\u00edveis. \ud83d\udc95<\/p>\n<p data-start=\"667\" data-end=\"805\">A <strong data-start=\"669\" data-end=\"722\">Cera Hidrossol\u00favel Depile Plus de Camomila (290g)<\/strong> \u00e9 perfeita para quem busca praticidade e cuidado em uma depila\u00e7\u00e3o mais delicada.<\/p>\n<p data-start=\"807\" data-end=\"1172\">\ud83c\udf38 <strong data-start=\"810\" data-end=\"836\">F\u00e1cil remo\u00e7\u00e3o com \u00e1gua<\/strong> \u2192 dispensa o uso de \u00f3leo, deixando a pele limpa e fresca.<br data-start=\"894\" data-end=\"897\" \/>\ud83c\udf3c <strong data-start=\"900\" data-end=\"916\">Com camomila<\/strong> \u2192 a\u00e7\u00e3o calmante e suavizante, reduz a vermelhid\u00e3o e o desconforto.<br data-start=\"983\" data-end=\"986\" \/>\ud83d\udc95 <strong data-start=\"989\" data-end=\"1017\">F\u00f3rmula natural e vegana<\/strong> \u2192 indicada at\u00e9 para peles sens\u00edveis, oferecendo mais seguran\u00e7a.<br data-start=\"1081\" data-end=\"1084\" \/>\ud83d\udc97 <strong data-start=\"1087\" data-end=\"1115\">Textura leve e eficiente<\/strong> \u2192 remove at\u00e9 os pelos mais curtos, sem agredir a pele.<\/p>\n<p data-start=\"1174\" data-end=\"1326\">\ud83e\udd47 A Depile Plus \u00e9 pioneira no m\u00e9todo hidrossol\u00favel, trazendo inova\u00e7\u00e3o, efic\u00e1cia e cuidado para profissionais e clientes em todo o ciclo da depila\u00e7\u00e3o.<\/p>\n<p data-start=\"1328\" data-end=\"1411\">\u2705 Resultado: pele lisinha, macia e bem cuidada, com o toque calmante da camomila.<\/p>\n","protected":false},"excerpt":{"rendered":"<p>\u2728 Cera Hidrossol\u00favel Depile Plus Camomila \ud83c\udf3c (290g). F\u00f3rmula vegana, calmante e de f\u00e1cil remo\u00e7\u00e3o com \u00e1gua. Ideal para peles sens\u00edveis. \ud83d\udc95 A Cera Hidrossol\u00favel Depile Plus de Camomila (290g) \u00e9 perfeita para quem busca praticidade e cuidado em uma depila\u00e7\u00e3o mais delicada. \ud83c\udf38 F\u00e1cil remo\u00e7\u00e3o com \u00e1gua \u2192 dispensa o uso de \u00f3leo, deixando [&hellip;]<\/p>\n","protected":false},"featured_media":1335,"comment_status":"open","ping_status":"closed","template":"","meta":[],"product_brand":[],"product_cat":[15,73],"product_tag":[],"class_list":{"0":"post-1334","1":"product","2":"type-product","3":"status-publish","4":"has-post-thumbnail","6":"product_cat-a-loja-da-epiladora","7":"product_cat-ceras-metodo-hidrossoluvel","9":"first","10":"instock","11":"sale","12":"shipping-taxable","13":"purchasable","14":"product-type-simple"},"_links":{"self":[{"href":"https:\/\/vanessadiasoficial.com.br\/diasbelezaecosmeticos\/wp-json\/wp\/v2\/product\/1334","targetHints":{"allow":["GET"]}}],"collection":[{"href":"https:\/\/vanessadiasoficial.com.br\/diasbelezaecosmeticos\/wp-json\/wp\/v2\/product"}],"about":[{"href":"https:\/\/vanessadiasoficial.com.br\/diasbelezaecosmeticos\/wp-json\/wp\/v2\/types\/product"}],"replies":[{"embeddable":true,"href":"https:\/\/vanessadiasoficial.com.br\/diasbelezaecosmeticos\/wp-json\/wp\/v2\/comments?post=1334"}],"wp:featuredmedia":[{"embeddable":true,"href":"https:\/\/vanessadiasoficial.com.br\/diasbelezaecosmeticos\/wp-json\/wp\/v2\/media\/1335"}],"wp:attachment":[{"href":"https:\/\/vanessadiasoficial.com.br\/diasbelezaecosmeticos\/wp-json\/wp\/v2\/media?parent=1334"}],"wp:term":[{"taxonomy":"product_brand","embeddable":true,"href":"https:\/\/vanessadiasoficial.com.br\/diasbelezaecosmeticos\/wp-json\/wp\/v2\/product_brand?post=1334"},{"taxonomy":"product_cat","embeddable":true,"href":"https:\/\/vanessadiasoficial.com.br\/diasbelezaecosmeticos\/wp-json\/wp\/v2\/product_cat?post=1334"},{"taxonomy":"product_tag","embeddable":true,"href":"https:\/\/vanessadiasoficial.com.br\/diasbelezaecosmeticos\/wp-json\/wp\/v2\/product_tag?post=1334"}],"curies":[{"name":"wp","href":"https:\/\/api.w.org\/{rel}","templated":true}]}}