{"id":1333,"date":"2025-08-22T18:44:30","date_gmt":"2025-08-22T18:44:30","guid":{"rendered":"https:\/\/vanessadiasoficial.com.br\/diasbelezaecosmeticos\/?post_type=product&#038;p=1333"},"modified":"2025-08-22T18:54:00","modified_gmt":"2025-08-22T18:54:00","slug":"flor-de-ana-refil-roll-on-lipossoluvel","status":"publish","type":"product","link":"https:\/\/vanessadiasoficial.com.br\/diasbelezaecosmeticos\/produto\/flor-de-ana-refil-roll-on-lipossoluvel\/","title":{"rendered":"Flor de Ana &#8211; Refil Roll-on Lipossol\u00favel"},"content":{"rendered":"<p data-start=\"458\" data-end=\"613\">\u2728 Roll-on Lipossol\u00favel Flor de Ana Mel \ud83c\udf6f (100g). F\u00f3rmula de r\u00e1pida aplica\u00e7\u00e3o, ader\u00eancia eficiente e f\u00e1cil remo\u00e7\u00e3o. Ideal para todos os tipos de pele. \ud83d\udc95<\/p>\n<p data-start=\"676\" data-end=\"912\">O <strong data-start=\"678\" data-end=\"725\">Roll-on Lipossol\u00favel Flor de Ana Mel (100g)<\/strong> \u00e9 a escolha perfeita para quem busca uma depila\u00e7\u00e3o pr\u00e1tica, higi\u00eanica e eficiente. Desenvolvido especialmente para uso profissional, garante resultado impec\u00e1vel com rapidez e conforto.<\/p>\n<p data-start=\"914\" data-end=\"1416\">\ud83c\udf38 <strong data-start=\"917\" data-end=\"938\">Aplica\u00e7\u00e3o pr\u00e1tica<\/strong> \u2192 formato roll-on que facilita o manuseio e distribui a cera de forma uniforme.<br data-start=\"1018\" data-end=\"1021\" \/>\ud83c\udf6f <strong data-start=\"1024\" data-end=\"1035\">Com mel<\/strong> \u2192 poder nutritivo e hidratante, ajuda a deixar a pele macia ap\u00f3s a depila\u00e7\u00e3o.<br data-start=\"1113\" data-end=\"1116\" \/>\ud83d\udc95 <strong data-start=\"1119\" data-end=\"1143\">F\u00f3rmula lipossol\u00favel<\/strong> \u2192 adere aos pelos sem agredir a pele, proporcionando remo\u00e7\u00e3o eficaz e menos dor.<br data-start=\"1224\" data-end=\"1227\" \/>\ud83d\udc97 <strong data-start=\"1230\" data-end=\"1262\">Uso profissional e dom\u00e9stico<\/strong> \u2192 ideal para cl\u00ednicas de est\u00e9tica, sal\u00f5es e at\u00e9 uso pessoal com seguran\u00e7a.<br data-start=\"1337\" data-end=\"1340\" \/>\u2728 <strong data-start=\"1342\" data-end=\"1355\">Higi\u00eanico<\/strong> \u2192 embalagem pr\u00e1tica e descart\u00e1vel, evitando contamina\u00e7\u00f5es.<\/p>\n<p data-start=\"1418\" data-end=\"1526\">\u2705 Resultado: depila\u00e7\u00e3o r\u00e1pida, segura e confort\u00e1vel, com pele lisinha e nutrida pelo poder natural do mel.<\/p>\n","protected":false},"excerpt":{"rendered":"<p>\u2728 Roll-on Lipossol\u00favel Flor de Ana Mel \ud83c\udf6f (100g). F\u00f3rmula de r\u00e1pida aplica\u00e7\u00e3o, ader\u00eancia eficiente e f\u00e1cil remo\u00e7\u00e3o. Ideal para todos os tipos de pele. \ud83d\udc95 O Roll-on Lipossol\u00favel Flor de Ana Mel (100g) \u00e9 a escolha perfeita para quem busca uma depila\u00e7\u00e3o pr\u00e1tica, higi\u00eanica e eficiente. Desenvolvido especialmente para uso profissional, garante resultado impec\u00e1vel [&hellip;]<\/p>\n","protected":false},"featured_media":1339,"comment_status":"open","ping_status":"closed","template":"","meta":[],"product_brand":[],"product_cat":[15,72],"product_tag":[],"class_list":{"0":"post-1333","1":"product","2":"type-product","3":"status-publish","4":"has-post-thumbnail","6":"product_cat-a-loja-da-epiladora","7":"product_cat-rollon-lipossoluvel","9":"first","10":"instock","11":"sale","12":"shipping-taxable","13":"purchasable","14":"product-type-simple"},"_links":{"self":[{"href":"https:\/\/vanessadiasoficial.com.br\/diasbelezaecosmeticos\/wp-json\/wp\/v2\/product\/1333","targetHints":{"allow":["GET"]}}],"collection":[{"href":"https:\/\/vanessadiasoficial.com.br\/diasbelezaecosmeticos\/wp-json\/wp\/v2\/product"}],"about":[{"href":"https:\/\/vanessadiasoficial.com.br\/diasbelezaecosmeticos\/wp-json\/wp\/v2\/types\/product"}],"replies":[{"embeddable":true,"href":"https:\/\/vanessadiasoficial.com.br\/diasbelezaecosmeticos\/wp-json\/wp\/v2\/comments?post=1333"}],"wp:featuredmedia":[{"embeddable":true,"href":"https:\/\/vanessadiasoficial.com.br\/diasbelezaecosmeticos\/wp-json\/wp\/v2\/media\/1339"}],"wp:attachment":[{"href":"https:\/\/vanessadiasoficial.com.br\/diasbelezaecosmeticos\/wp-json\/wp\/v2\/media?parent=1333"}],"wp:term":[{"taxonomy":"product_brand","embeddable":true,"href":"https:\/\/vanessadiasoficial.com.br\/diasbelezaecosmeticos\/wp-json\/wp\/v2\/product_brand?post=1333"},{"taxonomy":"product_cat","embeddable":true,"href":"https:\/\/vanessadiasoficial.com.br\/diasbelezaecosmeticos\/wp-json\/wp\/v2\/product_cat?post=1333"},{"taxonomy":"product_tag","embeddable":true,"href":"https:\/\/vanessadiasoficial.com.br\/diasbelezaecosmeticos\/wp-json\/wp\/v2\/product_tag?post=1333"}],"curies":[{"name":"wp","href":"https:\/\/api.w.org\/{rel}","templated":true}]}}