{"id":1331,"date":"2025-08-22T18:38:49","date_gmt":"2025-08-22T18:38:49","guid":{"rendered":"https:\/\/vanessadiasoficial.com.br\/diasbelezaecosmeticos\/?post_type=product&#038;p=1331"},"modified":"2025-08-22T18:38:49","modified_gmt":"2025-08-22T18:38:49","slug":"palito-para-epilacao-dias-beleza-e-cosmeticos","status":"publish","type":"product","link":"https:\/\/vanessadiasoficial.com.br\/diasbelezaecosmeticos\/produto\/palito-para-epilacao-dias-beleza-e-cosmeticos\/","title":{"rendered":"Palito para Epila\u00e7\u00e3o &#8211; Dias Beleza e Cosm\u00e9ticos"},"content":{"rendered":"<p data-start=\"416\" data-end=\"544\">\u2728 Palito para epila\u00e7\u00e3o em \u00e1reas menores \u2013 caixa com 100 unidades. Ideal para sobrancelhas, bu\u00e7o e outras regi\u00f5es delicadas. \ud83d\udc95<\/p>\n<p data-start=\"607\" data-end=\"748\">O <strong data-start=\"609\" data-end=\"665\">Palito para Epila\u00e7\u00e3o em \u00c1reas Menores (100 unidades)<\/strong> \u00e9 indispens\u00e1vel para profissionais que buscam precis\u00e3o e higiene no atendimento.<\/p>\n<p data-start=\"750\" data-end=\"1145\">\ud83c\udf38 <strong data-start=\"753\" data-end=\"783\">Ideal para \u00e1reas delicadas<\/strong> \u2192 perfeito para bu\u00e7o, sobrancelhas, axilas e retoques em regi\u00f5es pequenas.<br data-start=\"858\" data-end=\"861\" \/>\ud83d\udc95 <strong data-start=\"864\" data-end=\"879\">Praticidade<\/strong> \u2192 descart\u00e1vel, garante seguran\u00e7a e evita contamina\u00e7\u00f5es cruzadas.<br data-start=\"944\" data-end=\"947\" \/>\ud83d\udc97 <strong data-start=\"950\" data-end=\"970\">Tamanho ajustado<\/strong> \u2192 facilita a aplica\u00e7\u00e3o da cera com mais controle e menos desperd\u00edcio.<br data-start=\"1040\" data-end=\"1043\" \/>\u2728 <strong data-start=\"1045\" data-end=\"1065\">Pacote econ\u00f4mico<\/strong> \u2192 cont\u00e9m 100 unidades, \u00f3timo custo-benef\u00edcio para o dia a dia no atendimento.<\/p>\n<p data-start=\"1147\" data-end=\"1269\">\u2705 Resultado: aplica\u00e7\u00e3o precisa da cera, depila\u00e7\u00e3o mais confort\u00e1vel e segura, com higiene garantida em cada procedimento.<\/p>\n","protected":false},"excerpt":{"rendered":"<p>\u2728 Palito para epila\u00e7\u00e3o em \u00e1reas menores \u2013 caixa com 100 unidades. Ideal para sobrancelhas, bu\u00e7o e outras regi\u00f5es delicadas. \ud83d\udc95 O Palito para Epila\u00e7\u00e3o em \u00c1reas Menores (100 unidades) \u00e9 indispens\u00e1vel para profissionais que buscam precis\u00e3o e higiene no atendimento. \ud83c\udf38 Ideal para \u00e1reas delicadas \u2192 perfeito para bu\u00e7o, sobrancelhas, axilas e retoques em [&hellip;]<\/p>\n","protected":false},"featured_media":1332,"comment_status":"open","ping_status":"closed","template":"","meta":[],"product_brand":[],"product_cat":[15,75],"product_tag":[],"class_list":{"0":"post-1331","1":"product","2":"type-product","3":"status-publish","4":"has-post-thumbnail","6":"product_cat-a-loja-da-epiladora","7":"product_cat-palito-para-epilacao","9":"first","10":"instock","11":"sale","12":"shipping-taxable","13":"purchasable","14":"product-type-simple"},"_links":{"self":[{"href":"https:\/\/vanessadiasoficial.com.br\/diasbelezaecosmeticos\/wp-json\/wp\/v2\/product\/1331","targetHints":{"allow":["GET"]}}],"collection":[{"href":"https:\/\/vanessadiasoficial.com.br\/diasbelezaecosmeticos\/wp-json\/wp\/v2\/product"}],"about":[{"href":"https:\/\/vanessadiasoficial.com.br\/diasbelezaecosmeticos\/wp-json\/wp\/v2\/types\/product"}],"replies":[{"embeddable":true,"href":"https:\/\/vanessadiasoficial.com.br\/diasbelezaecosmeticos\/wp-json\/wp\/v2\/comments?post=1331"}],"wp:featuredmedia":[{"embeddable":true,"href":"https:\/\/vanessadiasoficial.com.br\/diasbelezaecosmeticos\/wp-json\/wp\/v2\/media\/1332"}],"wp:attachment":[{"href":"https:\/\/vanessadiasoficial.com.br\/diasbelezaecosmeticos\/wp-json\/wp\/v2\/media?parent=1331"}],"wp:term":[{"taxonomy":"product_brand","embeddable":true,"href":"https:\/\/vanessadiasoficial.com.br\/diasbelezaecosmeticos\/wp-json\/wp\/v2\/product_brand?post=1331"},{"taxonomy":"product_cat","embeddable":true,"href":"https:\/\/vanessadiasoficial.com.br\/diasbelezaecosmeticos\/wp-json\/wp\/v2\/product_cat?post=1331"},{"taxonomy":"product_tag","embeddable":true,"href":"https:\/\/vanessadiasoficial.com.br\/diasbelezaecosmeticos\/wp-json\/wp\/v2\/product_tag?post=1331"}],"curies":[{"name":"wp","href":"https:\/\/api.w.org\/{rel}","templated":true}]}}