{"id":1323,"date":"2025-08-22T18:26:02","date_gmt":"2025-08-22T18:26:02","guid":{"rendered":"https:\/\/vanessadiasoficial.com.br\/diasbelezaecosmeticos\/?post_type=product&#038;p=1323"},"modified":"2025-08-22T18:47:47","modified_gmt":"2025-08-22T18:47:47","slug":"depile-plus-camomila-1300kg","status":"publish","type":"product","link":"https:\/\/vanessadiasoficial.com.br\/diasbelezaecosmeticos\/produto\/depile-plus-camomila-1300kg\/","title":{"rendered":"Depile Plus &#8211; M\u00e9todo Hidrossol\u00favel Camomila 1,300kg"},"content":{"rendered":"<p data-start=\"461\" data-end=\"601\">\u2728 Cera Hidrossol\u00favel Depile Plus Camomila \ud83c\udf3c (1,3kg). F\u00f3rmula vegana, de f\u00e1cil remo\u00e7\u00e3o com \u00e1gua, calmante e ideal para peles sens\u00edveis. \ud83d\udc95<\/p>\n<p data-start=\"664\" data-end=\"825\">A <strong data-start=\"666\" data-end=\"720\">Cera Hidrossol\u00favel Depile Plus de Camomila (1,3kg)<\/strong> foi criada para unir efic\u00e1cia e cuidado durante a depila\u00e7\u00e3o, com uma f\u00f3rmula natural, suave e pr\u00e1tica.<\/p>\n<p data-start=\"827\" data-end=\"1224\">\ud83c\udf38 <strong data-start=\"830\" data-end=\"850\">Remo\u00e7\u00e3o com \u00e1gua<\/strong> \u2192 n\u00e3o necessita de \u00f3leo, garantindo praticidade e menos res\u00edduos na pele.<br data-start=\"924\" data-end=\"927\" \/>\ud83c\udf3c <strong data-start=\"930\" data-end=\"946\">Com camomila<\/strong> \u2192 a\u00e7\u00e3o calmante, reduz vermelhid\u00e3o e proporciona sensa\u00e7\u00e3o de frescor.<br data-start=\"1016\" data-end=\"1019\" \/>\ud83d\udc95 <strong data-start=\"1022\" data-end=\"1050\">F\u00f3rmula vegana e natural<\/strong> \u2192 mais delicada, indicada at\u00e9 para peles sens\u00edveis.<br data-start=\"1102\" data-end=\"1105\" \/>\ud83d\udc97 <strong data-start=\"1108\" data-end=\"1138\">Mais conforto na depila\u00e7\u00e3o<\/strong> \u2192 adere aos pelos sem agredir a pele, proporcionando um resultado liso e duradouro.<\/p>\n<p data-start=\"1226\" data-end=\"1387\">\ud83e\udd47 A Depile Plus \u00e9 uma marca pioneira no m\u00e9todo hidrossol\u00favel, desenvolvendo produtos profissionais e inovadores para todo o ciclo depilat\u00f3rio \u2014 do pr\u00e9 ao p\u00f3s.<\/p>\n<p data-start=\"1389\" data-end=\"1520\">\u2705 Resultado: depila\u00e7\u00e3o eficiente, pele macia e cuidada, com a suavidade da camomila e a confian\u00e7a de uma marca l\u00edder no segmento.<\/p>\n","protected":false},"excerpt":{"rendered":"<p>\u2728 Cera Hidrossol\u00favel Depile Plus Camomila \ud83c\udf3c (1,3kg). F\u00f3rmula vegana, de f\u00e1cil remo\u00e7\u00e3o com \u00e1gua, calmante e ideal para peles sens\u00edveis. \ud83d\udc95 A Cera Hidrossol\u00favel Depile Plus de Camomila (1,3kg) foi criada para unir efic\u00e1cia e cuidado durante a depila\u00e7\u00e3o, com uma f\u00f3rmula natural, suave e pr\u00e1tica. \ud83c\udf38 Remo\u00e7\u00e3o com \u00e1gua \u2192 n\u00e3o necessita de [&hellip;]<\/p>\n","protected":false},"featured_media":1326,"comment_status":"open","ping_status":"closed","template":"","meta":[],"product_brand":[],"product_cat":[15,73],"product_tag":[],"class_list":{"0":"post-1323","1":"product","2":"type-product","3":"status-publish","4":"has-post-thumbnail","6":"product_cat-a-loja-da-epiladora","7":"product_cat-ceras-metodo-hidrossoluvel","9":"first","10":"instock","11":"sale","12":"shipping-taxable","13":"purchasable","14":"product-type-simple"},"_links":{"self":[{"href":"https:\/\/vanessadiasoficial.com.br\/diasbelezaecosmeticos\/wp-json\/wp\/v2\/product\/1323","targetHints":{"allow":["GET"]}}],"collection":[{"href":"https:\/\/vanessadiasoficial.com.br\/diasbelezaecosmeticos\/wp-json\/wp\/v2\/product"}],"about":[{"href":"https:\/\/vanessadiasoficial.com.br\/diasbelezaecosmeticos\/wp-json\/wp\/v2\/types\/product"}],"replies":[{"embeddable":true,"href":"https:\/\/vanessadiasoficial.com.br\/diasbelezaecosmeticos\/wp-json\/wp\/v2\/comments?post=1323"}],"wp:featuredmedia":[{"embeddable":true,"href":"https:\/\/vanessadiasoficial.com.br\/diasbelezaecosmeticos\/wp-json\/wp\/v2\/media\/1326"}],"wp:attachment":[{"href":"https:\/\/vanessadiasoficial.com.br\/diasbelezaecosmeticos\/wp-json\/wp\/v2\/media?parent=1323"}],"wp:term":[{"taxonomy":"product_brand","embeddable":true,"href":"https:\/\/vanessadiasoficial.com.br\/diasbelezaecosmeticos\/wp-json\/wp\/v2\/product_brand?post=1323"},{"taxonomy":"product_cat","embeddable":true,"href":"https:\/\/vanessadiasoficial.com.br\/diasbelezaecosmeticos\/wp-json\/wp\/v2\/product_cat?post=1323"},{"taxonomy":"product_tag","embeddable":true,"href":"https:\/\/vanessadiasoficial.com.br\/diasbelezaecosmeticos\/wp-json\/wp\/v2\/product_tag?post=1323"}],"curies":[{"name":"wp","href":"https:\/\/api.w.org\/{rel}","templated":true}]}}