{"id":1319,"date":"2025-08-22T17:38:59","date_gmt":"2025-08-22T17:38:59","guid":{"rendered":"https:\/\/vanessadiasoficial.com.br\/diasbelezaecosmeticos\/?post_type=product&#038;p=1319"},"modified":"2025-08-22T18:59:11","modified_gmt":"2025-08-22T18:59:11","slug":"depile-plus-algas-marinhas-250-gramas","status":"publish","type":"product","link":"https:\/\/vanessadiasoficial.com.br\/diasbelezaecosmeticos\/produto\/depile-plus-algas-marinhas-250-gramas\/","title":{"rendered":"Depile Plus &#8211; M\u00e9todo Espanhol Algas Marinhas baixa fus\u00e3o 250 gramas."},"content":{"rendered":"<p data-start=\"1154\" data-end=\"1328\">\u2728 Cera M\u00e9todo Espanhol Depile Plus com algas marinhas (250g). Marca pioneira em m\u00e9todo hidrossol\u00favel, natural e vegana. Baixa fus\u00e3o, alta ader\u00eancia e depila\u00e7\u00e3o mais suave. \ud83d\udc95<\/p>\n<p data-start=\"1384\" data-end=\"1547\">A <strong data-start=\"1386\" data-end=\"1448\">Cera M\u00e9todo Espanhol Depile Plus com Algas Marinhas (250g)<\/strong> combina t\u00e9cnica profissional e ingredientes naturais para uma depila\u00e7\u00e3o mais confort\u00e1vel e eficaz:<\/p>\n<ul data-start=\"1549\" data-end=\"1917\">\n<li data-start=\"1549\" data-end=\"1621\">\n<p data-start=\"1551\" data-end=\"1621\">\ud83c\udf38 <strong data-start=\"1554\" data-end=\"1569\">Baixa fus\u00e3o<\/strong>: atinge a temperatura ideal sem causar desconforto.<\/p>\n<\/li>\n<li data-start=\"1622\" data-end=\"1743\">\n<p data-start=\"1624\" data-end=\"1743\">\ud83c\udf3f <strong data-start=\"1627\" data-end=\"1673\">F\u00f3rmula hidrossol\u00favel e com algas marinhas<\/strong>: f\u00e1cil remo\u00e7\u00e3o, acalma e hidrata a pele \u2014 ideal para peles sens\u00edveis.<\/p>\n<\/li>\n<li data-start=\"1744\" data-end=\"1917\">\n<p data-start=\"1746\" data-end=\"1917\">\ud83e\udd47 <strong data-start=\"1749\" data-end=\"1791\">Marca pioneira no m\u00e9todo hidrossol\u00favel<\/strong>, 100% natural e <strong data-start=\"1808\" data-end=\"1818\">vegana<\/strong>, com todo o ciclo, do pr\u00e9 ao p\u00f3s, desenvolvido internamente. <span class=\"\" data-state=\"closed\"><span class=\"ms-1 inline-flex max-w-full items-center relative top-[-0.094rem] animate-[show_150ms_ease-in]\" data-testid=\"webpage-citation-pill\"><a class=\"flex h-4.5 overflow-hidden rounded-xl px-2 text-[9px] font-medium text-token-text-secondary! bg-[#F4F4F4]! dark:bg-[#303030]! transition-colors duration-150 ease-in-out\" href=\"https:\/\/www.instagram.com\/depileplusoficial\/?hl=en&amp;utm_source=chatgpt.com\" target=\"_blank\" rel=\"noopener\"><span class=\"relative start-0 bottom-0 flex h-full w-full items-center\"><span class=\"flex h-4 w-full items-center justify-between\"><span class=\"max-w-full grow truncate overflow-hidden text-center\">Instagram<\/span><span class=\"-me-1 flex h-full items-center rounded-full px-1 text-[#8F8F8F]\">+1<\/span><\/span><\/span><\/a><\/span><\/span><\/p>\n<\/li>\n<\/ul>\n<p data-start=\"1919\" data-end=\"2053\"><strong data-start=\"1919\" data-end=\"1932\">Resultado<\/strong>: depila\u00e7\u00e3o suave, remo\u00e7\u00e3o eficaz dos pelos, pele macia e sem irrita\u00e7\u00f5es \u2014 com todo cuidado e inova\u00e7\u00e3o da Depile Plus. \ud83d\udc97<\/p>\n","protected":false},"excerpt":{"rendered":"<p>\u2728 Cera M\u00e9todo Espanhol Depile Plus com algas marinhas (250g). Marca pioneira em m\u00e9todo hidrossol\u00favel, natural e vegana. Baixa fus\u00e3o, alta ader\u00eancia e depila\u00e7\u00e3o mais suave. \ud83d\udc95 A Cera M\u00e9todo Espanhol Depile Plus com Algas Marinhas (250g) combina t\u00e9cnica profissional e ingredientes naturais para uma depila\u00e7\u00e3o mais confort\u00e1vel e eficaz: \ud83c\udf38 Baixa fus\u00e3o: atinge a [&hellip;]<\/p>\n","protected":false},"featured_media":1321,"comment_status":"open","ping_status":"closed","template":"","meta":[],"product_brand":[],"product_cat":[15,71],"product_tag":[],"class_list":{"0":"post-1319","1":"product","2":"type-product","3":"status-publish","4":"has-post-thumbnail","6":"product_cat-a-loja-da-epiladora","7":"product_cat-ceras-metodo-espanhol","9":"first","10":"instock","11":"sale","12":"shipping-taxable","13":"purchasable","14":"product-type-simple"},"_links":{"self":[{"href":"https:\/\/vanessadiasoficial.com.br\/diasbelezaecosmeticos\/wp-json\/wp\/v2\/product\/1319","targetHints":{"allow":["GET"]}}],"collection":[{"href":"https:\/\/vanessadiasoficial.com.br\/diasbelezaecosmeticos\/wp-json\/wp\/v2\/product"}],"about":[{"href":"https:\/\/vanessadiasoficial.com.br\/diasbelezaecosmeticos\/wp-json\/wp\/v2\/types\/product"}],"replies":[{"embeddable":true,"href":"https:\/\/vanessadiasoficial.com.br\/diasbelezaecosmeticos\/wp-json\/wp\/v2\/comments?post=1319"}],"wp:featuredmedia":[{"embeddable":true,"href":"https:\/\/vanessadiasoficial.com.br\/diasbelezaecosmeticos\/wp-json\/wp\/v2\/media\/1321"}],"wp:attachment":[{"href":"https:\/\/vanessadiasoficial.com.br\/diasbelezaecosmeticos\/wp-json\/wp\/v2\/media?parent=1319"}],"wp:term":[{"taxonomy":"product_brand","embeddable":true,"href":"https:\/\/vanessadiasoficial.com.br\/diasbelezaecosmeticos\/wp-json\/wp\/v2\/product_brand?post=1319"},{"taxonomy":"product_cat","embeddable":true,"href":"https:\/\/vanessadiasoficial.com.br\/diasbelezaecosmeticos\/wp-json\/wp\/v2\/product_cat?post=1319"},{"taxonomy":"product_tag","embeddable":true,"href":"https:\/\/vanessadiasoficial.com.br\/diasbelezaecosmeticos\/wp-json\/wp\/v2\/product_tag?post=1319"}],"curies":[{"name":"wp","href":"https:\/\/api.w.org\/{rel}","templated":true}]}}