{"id":1051,"date":"2022-09-28T21:44:03","date_gmt":"2022-09-28T21:44:03","guid":{"rendered":"https:\/\/pluginsds.com\/sites\/?page_id=1051"},"modified":"2022-09-28T21:45:59","modified_gmt":"2022-09-28T21:45:59","slug":"politicas-de-devolucao-e-trocas","status":"publish","type":"page","link":"https:\/\/vanessadiasoficial.com.br\/diasbelezaecosmeticos\/politicas-de-devolucao-e-trocas\/","title":{"rendered":"Politicas de devolu\u00e7\u00e3o e trocas"},"content":{"rendered":"\t\t<div data-elementor-type=\"wp-page\" data-elementor-id=\"1051\" class=\"elementor elementor-1051\" data-elementor-post-type=\"page\">\n\t\t\t\t<div class=\"elementor-element elementor-element-b832402 e-flex e-con-boxed e-con e-parent\" data-id=\"b832402\" data-element_type=\"container\">\n\t\t\t\t\t<div class=\"e-con-inner\">\n\t\t\t\t<div class=\"elementor-element elementor-element-5800e6d elementor-widget elementor-widget-heading\" data-id=\"5800e6d\" data-element_type=\"widget\" data-widget_type=\"heading.default\">\n\t\t\t\t<div class=\"elementor-widget-container\">\n\t\t\t\t\t<h2 class=\"elementor-heading-title elementor-size-default\">Politicas de devolu\u00e7\u00e3o e trocas<\/h2>\t\t\t\t<\/div>\n\t\t\t\t<\/div>\n\t\t\t\t<div class=\"elementor-element elementor-element-7e40a13 elementor-widget elementor-widget-text-editor\" data-id=\"7e40a13\" data-element_type=\"widget\" data-widget_type=\"text-editor.default\">\n\t\t\t\t<div class=\"elementor-widget-container\">\n\t\t\t\t\t\t\t\t\t<div class=\"elementor-element elementor-element-2f90bcd6 elementor-widget elementor-widget-text-editor\" data-id=\"2f90bcd6\" data-element_type=\"widget\" data-widget_type=\"text-editor.default\"><div class=\"elementor-widget-container\"><div class=\"elementor-element elementor-element-66d0221 elementor-widget elementor-widget-heading\" data-id=\"66d0221\" data-element_type=\"widget\" data-widget_type=\"heading.default\"><h3 class=\"elementor-widget-container\">CONDI\u00c7\u00d5ES PARA TROCA OU DEVOLU\u00c7\u00c3O:<\/h3><\/div><div class=\"elementor-element elementor-element-227515a elementor-widget elementor-widget-text-editor\" data-id=\"227515a\" data-element_type=\"widget\" data-widget_type=\"text-editor.default\"><div class=\"elementor-widget-container\"><p>A equipe Shop Pinheiro est\u00e1 constantemente investindo em pol\u00edticas para que nossos clientes sempre saem satisfeitos. Voc\u00ea pode solicitar a troca ou devolu\u00e7\u00e3o de um produto em at\u00e9 7 dias corridos ap\u00f3s o recebimento do mesmo. Precisam ser observadas as seguintes condi\u00e7\u00f5es:<\/p><ul><li>O produto deve ser devolvido em sua embalagem original;<\/li><li>O produto deve ser devolvido sem ind\u00edcios de uso ou consumo, isto \u00e9, da forma que foi recebido;<\/li><li>O produto deve ser devolvido com etiquetas (ou protetores) afixados, manuais e todos os acess\u00f3rios que o acompanhem.<\/li><\/ul><p><strong>IMPORTANTE:\u00a0<\/strong>\u00a0N\u00e3o aceitaremos devolu\u00e7\u00f5es caso as condi\u00e7\u00f5es acima n\u00e3o sejam respeitadas.<\/p><\/div><\/div><div class=\"elementor-element elementor-element-a5df18d elementor-widget elementor-widget-heading\" data-id=\"a5df18d\" data-element_type=\"widget\" data-widget_type=\"heading.default\"><h3 class=\"elementor-widget-container\">O QUE FAZER PARA SOLICITAR TROCA OU DEVOLU\u00c7\u00c3O<\/h3><\/div><div class=\"elementor-element elementor-element-af5d222 elementor-widget elementor-widget-text-editor\" data-id=\"af5d222\" data-element_type=\"widget\" data-widget_type=\"text-editor.default\"><div class=\"elementor-widget-container\"><p>Envie um e-mail para sac@descomplicandosites.fun e informe:<\/p><ul><li>Nome do produto;<\/li><li>N\u00famero do pedido;<\/li><li>E-mail cadastrado na compra;<\/li><li>Motivo para troca ou devolu\u00e7\u00e3o;<\/li><li>IMAGEM OU V\u00cdDEO QUE COMPROVE O DEFEITO, CASO HAJA.<\/li><\/ul><p>Confirmadas todas as quest\u00f5es acerca da devolu\u00e7\u00e3o do produto, lhe informaremos o endere\u00e7o para devolu\u00e7\u00e3o do produto e lhe ressarciremos o valor pago do produto e do frete.<\/p><\/div><\/div><div class=\"elementor-element elementor-element-4ef15e4 elementor-widget elementor-widget-heading\" data-id=\"4ef15e4\" data-element_type=\"widget\" data-widget_type=\"heading.default\"><h3 class=\"elementor-widget-container\">FORMAS DE RESSARCIMENTO<\/h3><\/div><div class=\"elementor-element elementor-element-5c2ed9f elementor-widget elementor-widget-text-editor\" data-id=\"5c2ed9f\" data-element_type=\"widget\" data-widget_type=\"text-editor.default\"><div class=\"elementor-widget-container\"><ul><li aria-level=\"1\">Estorno no cart\u00e3o de cr\u00e9dito: este estorno pode aparecer em at\u00e9\u00a0<b>duas faturas<\/b>\u00a0ap\u00f3s a conclus\u00e3o da devolu\u00e7\u00e3o pelo gateway de pagamento.<\/li><li aria-level=\"1\">TED \u2013 Transfer\u00eancia para a conta do cliente que pode ser realizada em at\u00e9\u00a0<b>10 dias \u00fateis<\/b>\u00a0ap\u00f3s a confirma\u00e7\u00e3o da devolu\u00e7\u00e3o. A TRANSFER\u00caNCIA N\u00c3O PODER\u00c1 SER FEITA EM CONTA DE TERCEIROS.<\/li><\/ul><\/div><\/div><\/div><\/div>\t\t\t\t\t\t\t\t<\/div>\n\t\t\t\t<\/div>\n\t\t\t\t\t<\/div>\n\t\t\t\t<\/div>\n\t\t\t\t<\/div>\n\t\t","protected":false},"excerpt":{"rendered":"<p>CONDI\u00c7\u00d5ES PARA TROCA OU DEVOLU\u00c7\u00c3O: A equipe Shop Pinheiro est\u00e1 constantemente investindo em pol\u00edticas para que nossos clientes sempre saem satisfeitos. Voc\u00ea pode solicitar a troca ou devolu\u00e7\u00e3o de um produto em at\u00e9 7 dias corridos ap\u00f3s o recebimento do mesmo. Precisam ser observadas as seguintes condi\u00e7\u00f5es: O produto deve ser devolvido em sua embalagem [&hellip;]<\/p>\n","protected":false},"author":175,"featured_media":0,"parent":0,"menu_order":0,"comment_status":"closed","ping_status":"closed","template":"elementor_header_footer","meta":{"footnotes":""},"class_list":["post-1051","page","type-page","status-publish","hentry"],"_links":{"self":[{"href":"https:\/\/vanessadiasoficial.com.br\/diasbelezaecosmeticos\/wp-json\/wp\/v2\/pages\/1051","targetHints":{"allow":["GET"]}}],"collection":[{"href":"https:\/\/vanessadiasoficial.com.br\/diasbelezaecosmeticos\/wp-json\/wp\/v2\/pages"}],"about":[{"href":"https:\/\/vanessadiasoficial.com.br\/diasbelezaecosmeticos\/wp-json\/wp\/v2\/types\/page"}],"author":[{"embeddable":true,"href":"https:\/\/vanessadiasoficial.com.br\/diasbelezaecosmeticos\/wp-json\/wp\/v2\/users\/175"}],"replies":[{"embeddable":true,"href":"https:\/\/vanessadiasoficial.com.br\/diasbelezaecosmeticos\/wp-json\/wp\/v2\/comments?post=1051"}],"version-history":[{"count":0,"href":"https:\/\/vanessadiasoficial.com.br\/diasbelezaecosmeticos\/wp-json\/wp\/v2\/pages\/1051\/revisions"}],"wp:attachment":[{"href":"https:\/\/vanessadiasoficial.com.br\/diasbelezaecosmeticos\/wp-json\/wp\/v2\/media?parent=1051"}],"curies":[{"name":"wp","href":"https:\/\/api.w.org\/{rel}","templated":true}]}}