{"id":1025,"date":"2022-09-28T21:22:26","date_gmt":"2022-09-28T21:22:26","guid":{"rendered":"https:\/\/pluginsds.com\/sites\/?page_id=1025"},"modified":"2022-09-28T21:40:20","modified_gmt":"2022-09-28T21:40:20","slug":"sobre-nos","status":"publish","type":"page","link":"https:\/\/vanessadiasoficial.com.br\/diasbelezaecosmeticos\/sobre-nos\/","title":{"rendered":"Sobre N\u00f3s"},"content":{"rendered":"\t\t<div data-elementor-type=\"wp-page\" data-elementor-id=\"1025\" class=\"elementor elementor-1025\" data-elementor-post-type=\"page\">\n\t\t\t\t<div class=\"elementor-element elementor-element-b4c7c56 e-flex e-con-boxed e-con e-parent\" data-id=\"b4c7c56\" data-element_type=\"container\" data-settings=\"{&quot;background_background&quot;:&quot;classic&quot;}\">\n\t\t\t\t\t<div class=\"e-con-inner\">\n\t\t\t\t<div class=\"elementor-element elementor-element-f70d8e6 elementor-widget elementor-widget-heading\" data-id=\"f70d8e6\" data-element_type=\"widget\" data-widget_type=\"heading.default\">\n\t\t\t\t<div class=\"elementor-widget-container\">\n\t\t\t\t\t<h2 class=\"elementor-heading-title elementor-size-default\">Sobre N\u00f3s<\/h2>\t\t\t\t<\/div>\n\t\t\t\t<\/div>\n\t\t\t\t\t<\/div>\n\t\t\t\t<\/div>\n\t\t<div class=\"elementor-element elementor-element-96fdb94 e-flex e-con-boxed e-con e-parent\" data-id=\"96fdb94\" data-element_type=\"container\">\n\t\t\t\t\t<div class=\"e-con-inner\">\n\t\t\t\t<div class=\"elementor-element elementor-element-72abf9f elementor-widget__width-initial elementor-widget-mobile__width-inherit elementor-widget elementor-widget-text-editor\" data-id=\"72abf9f\" data-element_type=\"widget\" data-widget_type=\"text-editor.default\">\n\t\t\t\t<div class=\"elementor-widget-container\">\n\t\t\t\t\t\t\t\t\t<h1 class=\"elementor-heading-title elementor-size-default\">Conhe\u00e7a a Lemon Shopp<\/h1><p>\u00a0<\/p><p>Aqui na\u00a0<b>Lemon Shopp\u00a0<\/b>somos comprometidos em oferecer os melhores produtos sempre com aquele pre\u00e7o especial que cabe no seu bolso, tudo isso alinhado com uma atendimento ao cliente em tempo real, onde priorizamos sempre a satisfa\u00e7\u00e3o dos nossos consumidores.<\/p><p>\u00a0Surgimos pela paix\u00e3o e pelo desejo de conectar as pessoas com o que h\u00e1 de melhor sem a necessidade de sair de casa. Levamos com a comodidade de comprar com a apenas um clique todas as tend\u00eancias mundiais para o conforto do seu lar.<\/p><p>\u00a0N\u00f3s somos apaixonados pelo o que fazemos! Temos uma equipe treinada e direcionada para sempre atualizarmos nossos estoques com o que h\u00e1 de mais recente e sofisticado no cen\u00e1rio mundial.<\/p><p>\u00a0Buscamos sempre os melhores produtos e fornecedores para proporcionar aos nossos clientes o melhor pre\u00e7o de vendas online. Todos os nossos fornecedores passam por um processo bem rigoros de an\u00e1lise para que possam trabalhar junto conosco, fazemos isso para que possamos fornecer produtos que supram todas as exig\u00eancias dos nossos clientes.<\/p><div class=\"elementor-element elementor-element-013865c e-container--column e-container\" data-id=\"013865c\" data-element_type=\"container\"><div class=\"elementor-element elementor-element-7b449c1 elementor-widget elementor-widget-heading\" data-id=\"7b449c1\" data-element_type=\"widget\" data-widget_type=\"heading.default\"><div class=\"elementor-widget-container\"><h2 class=\"elementor-heading-title elementor-size-default\"><span style=\"text-decoration: underline;\"><a href=\"https:\/\/vanessadiasoficial.com.br\/diasbelezaecosmeticos\/contato\/\">Duvidas? Fale Conosco<\/a><\/span><\/h2><\/div><\/div><\/div><div class=\"elementor-element elementor-element-01c7a42 e-container--column e-container\" data-id=\"01c7a42\" data-element_type=\"container\"><div class=\"elementor-element elementor-element-ba4aa36 elementor-widget elementor-widget-image\" data-id=\"ba4aa36\" data-element_type=\"widget\" data-widget_type=\"image.default\">\u00a0<\/div><\/div>\t\t\t\t\t\t\t\t<\/div>\n\t\t\t\t<\/div>\n\t\t\t\t<div class=\"elementor-element elementor-element-b1d19ed elementor-widget-mobile__width-inherit elementor-widget elementor-widget-image\" data-id=\"b1d19ed\" data-element_type=\"widget\" data-widget_type=\"image.default\">\n\t\t\t\t<div class=\"elementor-widget-container\">\n\t\t\t\t\t\t\t\t\t\t\t\t\t\t\t<img fetchpriority=\"high\" decoding=\"async\" width=\"500\" height=\"442\" src=\"https:\/\/vanessadiasoficial.com.br\/diasbelezaecosmeticos\/wp-content\/uploads\/2022\/09\/mosaico-lemon-shop.png\" class=\"attachment-full size-full wp-image-1027\" alt=\"\" srcset=\"https:\/\/vanessadiasoficial.com.br\/diasbelezaecosmeticos\/wp-content\/uploads\/2022\/09\/mosaico-lemon-shop.png 500w, https:\/\/vanessadiasoficial.com.br\/diasbelezaecosmeticos\/wp-content\/uploads\/2022\/09\/mosaico-lemon-shop-300x265.png 300w, https:\/\/vanessadiasoficial.com.br\/diasbelezaecosmeticos\/wp-content\/uploads\/2022\/09\/mosaico-lemon-shop-64x57.png 64w\" sizes=\"(max-width: 500px) 100vw, 500px\" \/>\t\t\t\t\t\t\t\t\t\t\t\t\t\t\t<\/div>\n\t\t\t\t<\/div>\n\t\t\t\t\t<\/div>\n\t\t\t\t<\/div>\n\t\t\t\t<\/div>\n\t\t","protected":false},"excerpt":{"rendered":"<p>Conhe\u00e7a a Lemon Shopp \u00a0 Aqui na\u00a0Lemon Shopp\u00a0somos comprometidos em oferecer os melhores produtos sempre com aquele pre\u00e7o especial que cabe no seu bolso, tudo isso alinhado com uma atendimento ao cliente em tempo real, onde priorizamos sempre a satisfa\u00e7\u00e3o dos nossos consumidores. \u00a0Surgimos pela paix\u00e3o e pelo desejo de conectar as pessoas com o [&hellip;]<\/p>\n","protected":false},"author":175,"featured_media":0,"parent":0,"menu_order":0,"comment_status":"closed","ping_status":"closed","template":"elementor_header_footer","meta":{"footnotes":""},"class_list":["post-1025","page","type-page","status-publish","hentry"],"_links":{"self":[{"href":"https:\/\/vanessadiasoficial.com.br\/diasbelezaecosmeticos\/wp-json\/wp\/v2\/pages\/1025","targetHints":{"allow":["GET"]}}],"collection":[{"href":"https:\/\/vanessadiasoficial.com.br\/diasbelezaecosmeticos\/wp-json\/wp\/v2\/pages"}],"about":[{"href":"https:\/\/vanessadiasoficial.com.br\/diasbelezaecosmeticos\/wp-json\/wp\/v2\/types\/page"}],"author":[{"embeddable":true,"href":"https:\/\/vanessadiasoficial.com.br\/diasbelezaecosmeticos\/wp-json\/wp\/v2\/users\/175"}],"replies":[{"embeddable":true,"href":"https:\/\/vanessadiasoficial.com.br\/diasbelezaecosmeticos\/wp-json\/wp\/v2\/comments?post=1025"}],"version-history":[{"count":0,"href":"https:\/\/vanessadiasoficial.com.br\/diasbelezaecosmeticos\/wp-json\/wp\/v2\/pages\/1025\/revisions"}],"wp:attachment":[{"href":"https:\/\/vanessadiasoficial.com.br\/diasbelezaecosmeticos\/wp-json\/wp\/v2\/media?parent=1025"}],"curies":[{"name":"wp","href":"https:\/\/api.w.org\/{rel}","templated":true}]}}